{"id":75,"date":"2018-11-02T17:18:29","date_gmt":"2018-11-02T16:18:29","guid":{"rendered":"http:\/\/dev.tv-muenster.de\/handball\/?page_id=75"},"modified":"2020-06-21T23:31:36","modified_gmt":"2020-06-21T21:31:36","slug":"startseite","status":"publish","type":"page","link":"https:\/\/www.tv-muenster.de\/fitness\/","title":{"rendered":"Startseite"},"content":{"rendered":"<p>[vc_row full_width=&#8221;stretch_row_content_no_spaces&#8221; dhsv_margin_bottom=&#8221;vc-margin-bottom-none&#8221;][vc_column][dhsv_vc_header bgimage=&#8221;323&#8243; height=&#8221;giant&#8221; lineheight=&#8221;higher&#8221; headline=&#8221;Fitness&#8221; subline=&#8221;Erfahren Sie mehr \u00fcber unsere Fitnessangebote und Veranstaltungen.&#8221;][\/vc_column][\/vc_row][vc_row dhsv_margin_top=&#8221;vc-margin-top-none&#8221; dhsv_margin_top_negative=&#8221;vc-negative-margin-top&#8221;][vc_column][dhsv_vc_slider_termine][\/vc_column][\/vc_row][vc_row][vc_column][dhsv_vc_calendar showtype=&#8221;small&#8221; sitetype=&#8221;single&#8221; link=&#8221;url:https%3A%2F%2Fwww.tv-muenster.de%2Ffitness%2Faktuelles%2Fkalendar%2F|title:Kalender||&#8221;][\/vc_column][\/vc_row][vc_row][vc_column][dhsv_vc_slider_news][\/vc_column][\/vc_row][vc_row][vc_column][vc_column_text]<\/p>\n<h3>Abteilung Fitness<\/h3>\n<p>&nbsp;<\/p>\n<p>Die Abteilung Fitness b\u00fcndelt alle Freizeitsportaktivit\u00e4ten, die nicht wettkampforientiert sind.<\/p>\n<p>Das Ziel ist der Erhalt und Verbesserung der k\u00f6rperlichen Fitness vor allem mit zunehmenden Alter. Die \u00dcbungsstunden werden von erfahrenen Trainerinnen und Trainer gehalten. Dazu gibt es zus\u00e4tzlich Kurse von speziell ausgebildeten \u00dcbungsleitern, die einen Zusatzbeitrag verlangen.[\/vc_column_text][vc_row_inner][vc_column_inner width=&#8221;1\/2&#8243;][\/vc_column_inner][\/vc_row_inner][\/vc_column][\/vc_row][vc_row][vc_column][dhsv_vc_teamviewer][\/vc_column][\/vc_row][vc_row][vc_column][vc_column_text]<\/p>\n<h2 class=\"index\">IMPRESSIONEN<\/h2>\n<h2>SEHEN SIE SICH bilder von den letzten spielen an<\/h2>\n<p>[\/vc_column_text][\/vc_column][\/vc_row][vc_row full_width=&#8221;stretch_row_content_no_spaces&#8221;][vc_column][dhsv_vc_gallerygrid link=&#8221;url:https%3A%2F%2Fwww.tv-muenster.de%2Ffitness%2Fgalerie%2F|title:zur%20Galerie||&#8221;][\/vc_column][\/vc_row]<\/p>\n","protected":false},"excerpt":{"rendered":"<p>[vc_row full_width=&#8221;stretch_row_content_no_spaces&#8221; dhsv_margin_bottom=&#8221;vc-margin-bottom-none&#8221;][vc_column][dhsv_vc_header bgimage=&#8221;323&#8243; height=&#8221;giant&#8221; lineheight=&#8221;higher&#8221; headline=&#8221;Fitness&#8221; subline=&#8221;Erfahren Sie mehr <a class=\"moretag\" href=\"https:\/\/www.tv-muenster.de\/fitness\/\"><br \/> <b>mehr erfahren<\/b><\/a><\/p>\n","protected":false},"author":3,"featured_media":0,"parent":0,"menu_order":4,"comment_status":"closed","ping_status":"closed","template":"","meta":{"footnotes":""},"yoast_head":"<!-- This site is optimized with the Yoast SEO plugin v20.2.1 - https:\/\/yoast.com\/wordpress\/plugins\/seo\/ -->\n<title>Startseite - Fitness<\/title>\n<meta name=\"robots\" content=\"index, follow, max-snippet:-1, max-image-preview:large, max-video-preview:-1\" \/>\n<link rel=\"canonical\" href=\"https:\/\/www.tv-muenster.de\/fitness\/\" \/>\n<meta property=\"og:locale\" content=\"de_DE\" \/>\n<meta property=\"og:type\" content=\"article\" \/>\n<meta property=\"og:title\" content=\"Startseite - Fitness\" \/>\n<meta property=\"og:description\" content=\"[vc_row full_width=&#8221;stretch_row_content_no_spaces&#8221; dhsv_margin_bottom=&#8221;vc-margin-bottom-none&#8221;][vc_column][dhsv_vc_header bgimage=&#8221;323&#8243; height=&#8221;giant&#8221; lineheight=&#8221;higher&#8221; headline=&#8221;Fitness&#8221; subline=&#8221;Erfahren Sie mehr mehr erfahren\" \/>\n<meta property=\"og:url\" content=\"https:\/\/www.tv-muenster.de\/fitness\/\" \/>\n<meta property=\"og:site_name\" content=\"Fitness\" \/>\n<meta property=\"article:modified_time\" content=\"2020-06-21T21:31:36+00:00\" \/>\n<meta name=\"twitter:card\" content=\"summary_large_image\" \/>\n<meta name=\"twitter:label1\" content=\"Gesch\u00e4tzte Lesezeit\" \/>\n\t<meta name=\"twitter:data1\" content=\"1\u00a0Minute\" \/>\n<script type=\"application\/ld+json\" class=\"yoast-schema-graph\">{\"@context\":\"https:\/\/schema.org\",\"@graph\":[{\"@type\":\"WebPage\",\"@id\":\"https:\/\/www.tv-muenster.de\/fitness\/\",\"url\":\"https:\/\/www.tv-muenster.de\/fitness\/\",\"name\":\"Startseite - Fitness\",\"isPartOf\":{\"@id\":\"https:\/\/www.tv-muenster.de\/fitness\/#website\"},\"datePublished\":\"2018-11-02T16:18:29+00:00\",\"dateModified\":\"2020-06-21T21:31:36+00:00\",\"breadcrumb\":{\"@id\":\"https:\/\/www.tv-muenster.de\/fitness\/#breadcrumb\"},\"inLanguage\":\"de\",\"potentialAction\":[{\"@type\":\"ReadAction\",\"target\":[\"https:\/\/www.tv-muenster.de\/fitness\/\"]}]},{\"@type\":\"BreadcrumbList\",\"@id\":\"https:\/\/www.tv-muenster.de\/fitness\/#breadcrumb\",\"itemListElement\":[{\"@type\":\"ListItem\",\"position\":1,\"name\":\"Startseite\",\"item\":\"https:\/\/www.tv-muenster.de\/fitness\/\"},{\"@type\":\"ListItem\",\"position\":2,\"name\":\"Startseite\"}]},{\"@type\":\"WebSite\",\"@id\":\"https:\/\/www.tv-muenster.de\/fitness\/#website\",\"url\":\"https:\/\/www.tv-muenster.de\/fitness\/\",\"name\":\"Fitness\",\"description\":\"Eine weitere Turnverein 1898 M\u00fcnster e.V. Website\",\"potentialAction\":[{\"@type\":\"SearchAction\",\"target\":{\"@type\":\"EntryPoint\",\"urlTemplate\":\"https:\/\/www.tv-muenster.de\/fitness\/?s={search_term_string}\"},\"query-input\":\"required name=search_term_string\"}],\"inLanguage\":\"de\"}]}<\/script>\n<!-- \/ Yoast SEO plugin. -->","yoast_head_json":{"title":"Startseite - Fitness","robots":{"index":"index","follow":"follow","max-snippet":"max-snippet:-1","max-image-preview":"max-image-preview:large","max-video-preview":"max-video-preview:-1"},"canonical":"https:\/\/www.tv-muenster.de\/fitness\/","og_locale":"de_DE","og_type":"article","og_title":"Startseite - Fitness","og_description":"[vc_row full_width=&#8221;stretch_row_content_no_spaces&#8221; dhsv_margin_bottom=&#8221;vc-margin-bottom-none&#8221;][vc_column][dhsv_vc_header bgimage=&#8221;323&#8243; height=&#8221;giant&#8221; lineheight=&#8221;higher&#8221; headline=&#8221;Fitness&#8221; subline=&#8221;Erfahren Sie mehr mehr erfahren","og_url":"https:\/\/www.tv-muenster.de\/fitness\/","og_site_name":"Fitness","article_modified_time":"2020-06-21T21:31:36+00:00","twitter_card":"summary_large_image","twitter_misc":{"Gesch\u00e4tzte Lesezeit":"1\u00a0Minute"},"schema":{"@context":"https:\/\/schema.org","@graph":[{"@type":"WebPage","@id":"https:\/\/www.tv-muenster.de\/fitness\/","url":"https:\/\/www.tv-muenster.de\/fitness\/","name":"Startseite - Fitness","isPartOf":{"@id":"https:\/\/www.tv-muenster.de\/fitness\/#website"},"datePublished":"2018-11-02T16:18:29+00:00","dateModified":"2020-06-21T21:31:36+00:00","breadcrumb":{"@id":"https:\/\/www.tv-muenster.de\/fitness\/#breadcrumb"},"inLanguage":"de","potentialAction":[{"@type":"ReadAction","target":["https:\/\/www.tv-muenster.de\/fitness\/"]}]},{"@type":"BreadcrumbList","@id":"https:\/\/www.tv-muenster.de\/fitness\/#breadcrumb","itemListElement":[{"@type":"ListItem","position":1,"name":"Startseite","item":"https:\/\/www.tv-muenster.de\/fitness\/"},{"@type":"ListItem","position":2,"name":"Startseite"}]},{"@type":"WebSite","@id":"https:\/\/www.tv-muenster.de\/fitness\/#website","url":"https:\/\/www.tv-muenster.de\/fitness\/","name":"Fitness","description":"Eine weitere Turnverein 1898 M\u00fcnster e.V. Website","potentialAction":[{"@type":"SearchAction","target":{"@type":"EntryPoint","urlTemplate":"https:\/\/www.tv-muenster.de\/fitness\/?s={search_term_string}"},"query-input":"required name=search_term_string"}],"inLanguage":"de"}]}},"_links":{"self":[{"href":"https:\/\/www.tv-muenster.de\/fitness\/wp-json\/wp\/v2\/pages\/75"}],"collection":[{"href":"https:\/\/www.tv-muenster.de\/fitness\/wp-json\/wp\/v2\/pages"}],"about":[{"href":"https:\/\/www.tv-muenster.de\/fitness\/wp-json\/wp\/v2\/types\/page"}],"author":[{"embeddable":true,"href":"https:\/\/www.tv-muenster.de\/fitness\/wp-json\/wp\/v2\/users\/3"}],"replies":[{"embeddable":true,"href":"https:\/\/www.tv-muenster.de\/fitness\/wp-json\/wp\/v2\/comments?post=75"}],"version-history":[{"count":14,"href":"https:\/\/www.tv-muenster.de\/fitness\/wp-json\/wp\/v2\/pages\/75\/revisions"}],"predecessor-version":[{"id":451,"href":"https:\/\/www.tv-muenster.de\/fitness\/wp-json\/wp\/v2\/pages\/75\/revisions\/451"}],"wp:attachment":[{"href":"https:\/\/www.tv-muenster.de\/fitness\/wp-json\/wp\/v2\/media?parent=75"}],"curies":[{"name":"wp","href":"https:\/\/api.w.org\/{rel}","templated":true}]}}