{"id":87,"date":"2020-02-19T13:53:41","date_gmt":"2020-02-19T12:53:41","guid":{"rendered":"http:\/\/dev.tv-muenster.de\/musik\/?page_id=87"},"modified":"2023-11-08T17:42:37","modified_gmt":"2023-11-08T16:42:37","slug":"startseite","status":"publish","type":"page","link":"https:\/\/www.tv-muenster.de\/musik\/","title":{"rendered":"Startseite"},"content":{"rendered":"<p>[vc_row full_width=&#8221;stretch_row_content_no_spaces&#8221; dhsv_margin_bottom=&#8221;vc-margin-bottom-none&#8221;][vc_column][dhsv_vc_header bgimage=&#8221;110&#8243; height=&#8221;giant&#8221; lineheight=&#8221;higher&#8221; headline=&#8221;Musik&#8221; subline=&#8221;Erfahren Sie mehr \u00fcber unsere Big Band und kommende Veranstaltungen.&#8221;][\/vc_column][\/vc_row][vc_row dhsv_margin_top=&#8221;vc-margin-top-none&#8221; dhsv_margin_top_negative=&#8221;vc-negative-margin-top&#8221;][vc_column][dhsv_vc_slider_termine][\/vc_column][\/vc_row][vc_row][vc_column][dhsv_vc_calendar showtype=&#8221;small&#8221; sitetype=&#8221;single&#8221; link=&#8221;url:http%3A%2F%2Fwww.tv-muenster.de%2Fmusik%2Faktuelles%2Fkalender%2F|title:Kalender||&#8221;][\/vc_column][\/vc_row][vc_row][vc_column][dhsv_vc_slider_news][\/vc_column][\/vc_row][vc_row][vc_column][vc_column_text]<\/p>\n<h3>Abteilung Musik<\/h3>\n<p>&nbsp;<\/p>\n<p>Die Abteilung Musik besteht im wesentlichen aus der Big Band des TV M\u00fcnster. Hier kommen Musiker aus der ganzen Gegend zusammen, um gemeinsam Musik zu machen und bei Veranstaltung aufzutreten. Unser Repertoire reicht von Klassikern der Bigband-\u00c4ra und Jazzstandards bis hin zu Rock- und Pophits. Spezialisiert haben wir uns auf Tanz- und Unterhaltungsveranstaltungen aller Art. Egal ob in kleinen, gem\u00fctlichen R\u00e4umlichkeiten oder im gro\u00dfen Saal, wir bringen Ihre G\u00e4ste in Stimmung und haben Spa\u00df daran, Ihnen mit unserer Musik Freude am Tanzen und Zuh\u00f6ren zu bereiten.<\/p>\n<p>Tradition hat der Tanztee, den die BigBand in der Kulturhalle ausrichtet.<\/p>\n<p>Das Bestreben der Abteilung ist es, viele Jungmusiker f\u00fcr das gemeinsam musizieren zu begeistern, um jetzt und in der Zukunft mit musikalischen Auftritten neue Ma\u00dfst\u00e4be zu setzen.[\/vc_column_text][vc_row_inner][vc_column_inner width=&#8221;1\/2&#8243;][dhsv_vc_button link=&#8221;url:https%3A%2F%2Fwww.tvm-bigband.com%2F|title:Zur%20externen%20Internetseite%20der%20BigBand||&#8221; btn_lg=&#8221;yes&#8221;][\/vc_column_inner][vc_column_inner width=&#8221;1\/2&#8243;][\/vc_column_inner][\/vc_row_inner][\/vc_column][\/vc_row][vc_row][vc_column][dhsv_vc_teamviewer][\/vc_column][\/vc_row][vc_row][vc_column][vc_column_text]<\/p>\n<h2 class=\"index\">IMPRESSIONEN<\/h2>\n<h2>SEHEN SIE SICH bilder von den letzten spielen an<\/h2>\n<p>[\/vc_column_text][\/vc_column][\/vc_row][vc_row full_width=&#8221;stretch_row_content&#8221;][vc_column][dhsv_vc_gallerygrid link=&#8221;url:http%3A%2F%2Fwww.tv-muenster.de%2Fmusik%2Fgalerie%2F|title:zur%20Galerie||&#8221;][\/vc_column][\/vc_row]<\/p>\n","protected":false},"excerpt":{"rendered":"<p>[vc_row full_width=&#8221;stretch_row_content_no_spaces&#8221; dhsv_margin_bottom=&#8221;vc-margin-bottom-none&#8221;][vc_column][dhsv_vc_header bgimage=&#8221;110&#8243; height=&#8221;giant&#8221; lineheight=&#8221;higher&#8221; headline=&#8221;Musik&#8221; subline=&#8221;Erfahren Sie mehr <a class=\"moretag\" href=\"https:\/\/www.tv-muenster.de\/musik\/\"><br \/> <b>mehr erfahren<\/b><\/a><\/p>\n","protected":false},"author":3,"featured_media":0,"parent":0,"menu_order":0,"comment_status":"closed","ping_status":"closed","template":"","meta":{"footnotes":""},"yoast_head":"<!-- This site is optimized with the Yoast SEO plugin v20.2.1 - https:\/\/yoast.com\/wordpress\/plugins\/seo\/ -->\n<title>Startseite - Musik<\/title>\n<meta name=\"robots\" content=\"index, follow, max-snippet:-1, max-image-preview:large, max-video-preview:-1\" \/>\n<link rel=\"canonical\" href=\"https:\/\/www.tv-muenster.de\/musik\/\" \/>\n<meta property=\"og:locale\" content=\"de_DE\" \/>\n<meta property=\"og:type\" content=\"article\" \/>\n<meta property=\"og:title\" content=\"Startseite - Musik\" \/>\n<meta property=\"og:description\" content=\"[vc_row full_width=&#8221;stretch_row_content_no_spaces&#8221; dhsv_margin_bottom=&#8221;vc-margin-bottom-none&#8221;][vc_column][dhsv_vc_header bgimage=&#8221;110&#8243; height=&#8221;giant&#8221; lineheight=&#8221;higher&#8221; headline=&#8221;Musik&#8221; subline=&#8221;Erfahren Sie mehr mehr erfahren\" \/>\n<meta property=\"og:url\" content=\"https:\/\/www.tv-muenster.de\/musik\/\" \/>\n<meta property=\"og:site_name\" content=\"Musik\" \/>\n<meta property=\"article:modified_time\" content=\"2023-11-08T16:42:37+00:00\" \/>\n<meta name=\"twitter:card\" content=\"summary_large_image\" \/>\n<meta name=\"twitter:label1\" content=\"Gesch\u00e4tzte Lesezeit\" \/>\n\t<meta name=\"twitter:data1\" content=\"1\u00a0Minute\" \/>\n<script type=\"application\/ld+json\" class=\"yoast-schema-graph\">{\"@context\":\"https:\/\/schema.org\",\"@graph\":[{\"@type\":\"WebPage\",\"@id\":\"https:\/\/www.tv-muenster.de\/musik\/\",\"url\":\"https:\/\/www.tv-muenster.de\/musik\/\",\"name\":\"Startseite - Musik\",\"isPartOf\":{\"@id\":\"https:\/\/www.tv-muenster.de\/musik\/#website\"},\"datePublished\":\"2020-02-19T12:53:41+00:00\",\"dateModified\":\"2023-11-08T16:42:37+00:00\",\"breadcrumb\":{\"@id\":\"https:\/\/www.tv-muenster.de\/musik\/#breadcrumb\"},\"inLanguage\":\"de\",\"potentialAction\":[{\"@type\":\"ReadAction\",\"target\":[\"https:\/\/www.tv-muenster.de\/musik\/\"]}]},{\"@type\":\"BreadcrumbList\",\"@id\":\"https:\/\/www.tv-muenster.de\/musik\/#breadcrumb\",\"itemListElement\":[{\"@type\":\"ListItem\",\"position\":1,\"name\":\"Startseite\",\"item\":\"https:\/\/www.tv-muenster.de\/musik\/\"},{\"@type\":\"ListItem\",\"position\":2,\"name\":\"Startseite\"}]},{\"@type\":\"WebSite\",\"@id\":\"https:\/\/www.tv-muenster.de\/musik\/#website\",\"url\":\"https:\/\/www.tv-muenster.de\/musik\/\",\"name\":\"Musik\",\"description\":\"Eine weitere Turnverein 1898 M\u00fcnster e.V. Website\",\"potentialAction\":[{\"@type\":\"SearchAction\",\"target\":{\"@type\":\"EntryPoint\",\"urlTemplate\":\"https:\/\/www.tv-muenster.de\/musik\/?s={search_term_string}\"},\"query-input\":\"required name=search_term_string\"}],\"inLanguage\":\"de\"}]}<\/script>\n<!-- \/ Yoast SEO plugin. -->","yoast_head_json":{"title":"Startseite - Musik","robots":{"index":"index","follow":"follow","max-snippet":"max-snippet:-1","max-image-preview":"max-image-preview:large","max-video-preview":"max-video-preview:-1"},"canonical":"https:\/\/www.tv-muenster.de\/musik\/","og_locale":"de_DE","og_type":"article","og_title":"Startseite - Musik","og_description":"[vc_row full_width=&#8221;stretch_row_content_no_spaces&#8221; dhsv_margin_bottom=&#8221;vc-margin-bottom-none&#8221;][vc_column][dhsv_vc_header bgimage=&#8221;110&#8243; height=&#8221;giant&#8221; lineheight=&#8221;higher&#8221; headline=&#8221;Musik&#8221; subline=&#8221;Erfahren Sie mehr mehr erfahren","og_url":"https:\/\/www.tv-muenster.de\/musik\/","og_site_name":"Musik","article_modified_time":"2023-11-08T16:42:37+00:00","twitter_card":"summary_large_image","twitter_misc":{"Gesch\u00e4tzte Lesezeit":"1\u00a0Minute"},"schema":{"@context":"https:\/\/schema.org","@graph":[{"@type":"WebPage","@id":"https:\/\/www.tv-muenster.de\/musik\/","url":"https:\/\/www.tv-muenster.de\/musik\/","name":"Startseite - Musik","isPartOf":{"@id":"https:\/\/www.tv-muenster.de\/musik\/#website"},"datePublished":"2020-02-19T12:53:41+00:00","dateModified":"2023-11-08T16:42:37+00:00","breadcrumb":{"@id":"https:\/\/www.tv-muenster.de\/musik\/#breadcrumb"},"inLanguage":"de","potentialAction":[{"@type":"ReadAction","target":["https:\/\/www.tv-muenster.de\/musik\/"]}]},{"@type":"BreadcrumbList","@id":"https:\/\/www.tv-muenster.de\/musik\/#breadcrumb","itemListElement":[{"@type":"ListItem","position":1,"name":"Startseite","item":"https:\/\/www.tv-muenster.de\/musik\/"},{"@type":"ListItem","position":2,"name":"Startseite"}]},{"@type":"WebSite","@id":"https:\/\/www.tv-muenster.de\/musik\/#website","url":"https:\/\/www.tv-muenster.de\/musik\/","name":"Musik","description":"Eine weitere Turnverein 1898 M\u00fcnster e.V. Website","potentialAction":[{"@type":"SearchAction","target":{"@type":"EntryPoint","urlTemplate":"https:\/\/www.tv-muenster.de\/musik\/?s={search_term_string}"},"query-input":"required name=search_term_string"}],"inLanguage":"de"}]}},"_links":{"self":[{"href":"https:\/\/www.tv-muenster.de\/musik\/wp-json\/wp\/v2\/pages\/87"}],"collection":[{"href":"https:\/\/www.tv-muenster.de\/musik\/wp-json\/wp\/v2\/pages"}],"about":[{"href":"https:\/\/www.tv-muenster.de\/musik\/wp-json\/wp\/v2\/types\/page"}],"author":[{"embeddable":true,"href":"https:\/\/www.tv-muenster.de\/musik\/wp-json\/wp\/v2\/users\/3"}],"replies":[{"embeddable":true,"href":"https:\/\/www.tv-muenster.de\/musik\/wp-json\/wp\/v2\/comments?post=87"}],"version-history":[{"count":17,"href":"https:\/\/www.tv-muenster.de\/musik\/wp-json\/wp\/v2\/pages\/87\/revisions"}],"predecessor-version":[{"id":151,"href":"https:\/\/www.tv-muenster.de\/musik\/wp-json\/wp\/v2\/pages\/87\/revisions\/151"}],"wp:attachment":[{"href":"https:\/\/www.tv-muenster.de\/musik\/wp-json\/wp\/v2\/media?parent=87"}],"curies":[{"name":"wp","href":"https:\/\/api.w.org\/{rel}","templated":true}]}}