{"id":49,"date":"2020-02-19T14:09:13","date_gmt":"2020-02-19T13:09:13","guid":{"rendered":"http:\/\/dev.tv-muenster.de\/wettkampfgymnastik\/?page_id=49"},"modified":"2022-12-06T11:07:17","modified_gmt":"2022-12-06T10:07:17","slug":"startseite","status":"publish","type":"page","link":"https:\/\/www.tv-muenster.de\/tanzen\/","title":{"rendered":"Startseite"},"content":{"rendered":"<p>[vc_row full_width=&#8221;stretch_row_content_no_spaces&#8221; dhsv_margin_bottom=&#8221;vc-margin-bottom-none&#8221; css=&#8221;.vc_custom_1587578983061{margin-top: -50px !important;border-top-width: -50px !important;}&#8221;][vc_column][dhsv_vc_header bgimage=&#8221;1735&#8243; height=&#8221;giant&#8221; lineheight=&#8221;higher&#8221; headline=&#8221;Tanzen&#8221;][\/vc_column][\/vc_row][vc_row dhsv_margin_top=&#8221;vc-margin-top-none&#8221; dhsv_margin_top_negative=&#8221;vc-negative-margin-top&#8221;][vc_column][dhsv_vc_slider_termine][\/vc_column][\/vc_row][vc_row][vc_column][dhsv_vc_calendar showtype=&#8221;small&#8221; sitetype=&#8221;single&#8221; link=&#8221;url:http%3A%2F%2Fwww.tv-muenster.de%2Ftanzen%2Faktuelles%2Fkalender%2F|title:Kalender||&#8221;][\/vc_column][\/vc_row][vc_row][vc_column][dhsv_vc_slider_news][\/vc_column][\/vc_row][vc_row][vc_column][vc_column_text]<\/p>\n<h3>Abteilung Tanzen<\/h3>\n<p>&nbsp;<\/p>\n<p style=\"text-align: center\">Das Tanzangebot f\u00e4chert sich breit in den Wettkampfbetrieb des Deutschen Turnerbundes (Dance-Cup) sowie den Turniersport (Jazz-Modern-Contemporary) des Deutschen Tanzsportverbandes und deckt jegliche Altersgruppen ab.<\/p>\n<p style=\"text-align: center\">In beiden Bereiches geht es vor allem um Eines: Tanzen.<\/p>\n<p style=\"text-align: center\">Die Choreografien werden von unseren Trainerinnen gestaltet, sind individuell an die Gruppe angepasst und zeigen vielf\u00e4ltige Tanzstile.<\/p>\n<p style=\"text-align: center\">So k\u00f6nnen neben dem Bewegungsrepertoire von Jazz &amp; Modern- Dance zum Beispiel auch Elemente aus dem klassischen Ballett oder Urbane Tanzstile zum Einsatz kommen.<\/p>\n<p style=\"text-align: center\">Durch die Verbindung von Elementen der verschiedenen Tanzrichtungen ergeben sich sehr freie und vielf\u00e4ltige M\u00f6glichkeiten, die vor allem den Choreografen einen gro\u00dfen k\u00fcnstlerischen Freiraum beim Erarbeiten der Choreos \u00fcberlassen und die T\u00e4nzer &amp; T\u00e4nzerinnen in den verschiedenen Richtungen fordern und f\u00f6rdern kann.<\/p>\n<p>[\/vc_column_text][\/vc_column][\/vc_row][vc_row][vc_column width=&#8221;1\/2&#8243;][vc_column_text]<\/p>\n<h3 style=\"text-align: center\">DTB Dance<\/h3>\n<p>DTB-Dance ist ein Wettkampfangebot des Deutschen Turnerbundes.<\/p>\n<p>Hier wird Musik durch t\u00e4nzerische Bewegungen interpretiert und miteinander in Einklang gebracht. Aus der Vielfalt des Tanzes sind alle Stilrichtungen, Tanzformen und Trends, wie z.B. Jazz-Dance, Modern Dance, Elementarer Tanz, Streetdance sowie gymnastische Bewegungsformen erlaubt.<\/p>\n<p>Es werden Choreografie, Bewegungsvielfalt, Kreativit\u00e4t, Schwierigkeit, der Musikeinsatz und die Musikumsetzung, die Synchronit\u00e4t, Harmonie, Ausdrucksf\u00e4higkeit und die technische Ausf\u00fchrung bewertet.<\/p>\n<p>&nbsp;<\/p>\n<p>Jedes Jahr finden Wettk\u00e4mpfe auf regionaler und \u00fcberregionaler Ebene statt.<\/p>\n<p>Die Gruppen starten in verschiedenen Altersklassen:<\/p>\n<p>Sch\u00fcler, Jugend, Erwachsene 18+, 30+, 40+ und 50+.[\/vc_column_text][vc_row_inner][vc_column_inner width=&#8221;1\/2&#8243;][dhsv_vc_button link=&#8221;url:https%3A%2F%2Ftvm-wettkampfgymnastik.jimdofree.com%2F|title:Zur%20alten%20Seite%20der%20WKG||&#8221; btn_lg=&#8221;yes&#8221;][dhsv_vc_button link=&#8221;url:http%3A%2F%2Fwww.tv-muenster.de%2Fwettkampfgymnastik%2Fwp-content%2Fuploads%2Fsites%2F6%2F2020%2F04%2F2020-SW_Katalog_GYM_Stand_Nov.pdf|title:Schwierigkeitskatalog||&#8221;][\/vc_column_inner][vc_column_inner width=&#8221;1\/2&#8243;][dhsv_vc_button link=&#8221;url:http%3A%2F%2Fwww.tv-muenster.de%2Fwettkampfgymnastik%2Fwp-content%2Fuploads%2Fsites%2F6%2F2020%2F04%2F2020_Wertungsbestimmungen_Stand_Sept._2019.pdf|title:Wertungsbestimmungen||&#8221;][\/vc_column_inner][\/vc_row_inner][\/vc_column][vc_column width=&#8221;1\/2&#8243;][vc_column_text]<\/p>\n<h3>Tanzsport (JMC)<\/h3>\n<p><strong>Jazz &amp; Modern\/ Contemporary \u00a0&#8211; Ein \u00dcberblick<\/strong><\/p>\n<p>Jazz- &amp; Modern Contemporary (JMC) ist eine junge Tanzsportart, die verschiedene Tanzstile miteinander verbindet.\u00a0 <strong>Jazz Dance<\/strong> beinhaltet Elemente aus afrikanischen, europ\u00e4ischen und amerikanischen Tanzstilen und beinhaltet vor allem Isolation und Polyzentrik und -rhythmik zu klarer rhythmischen Musik. <strong>Modern Dance<\/strong> ist eine Tanzform, die sich als Gegenentwicklung vom klassischen Ballett entwickelte. Bewegungsfluss, Dynamik, Spannung und Entspannung des K\u00f6rpers und das bewusste Atmen in Bewegung sind typische Aspekte des Modern Dance. <strong>Contemporary<\/strong> bzw. der sogenannte \u201e<strong>Zeitgen\u00f6ssischer<\/strong> <strong>Tanz<\/strong>\u201c bedient sich aus allen Sparten \/ Richtungen und orientiert sich dabei vor allem am Bewegungsausdruck der T\u00e4nzer und T\u00e4nzerinnen.<\/p>\n<p>&nbsp;<\/p>\n<p><strong>Turniersport JMC<\/strong><\/p>\n<p>Jazz &amp; \u00a0Modern Dance als Turniersport besteht bereits seit 1989 im Deutschen Tanzsportverband. Seit 2020 wurde die Disziplin umbenannt in <strong>Jazz- und Modern\/Contemporary<\/strong>, um sich international anzugleichen. Derzeit sind ca. 6000 aktive T\u00e4nzerInnen in fast 450 Formationen verteilt \u00fcber ganz Deutschland aktiv dabei. Die Mannschaften starten bei Turnieren des Deutschen Tanzsportbundes.<\/p>\n<p>Die Ligenstruktur umfasst Kinderligen (bis 12 Jahre), Jugendligen (bis 16 Jahre) und die Hauptgruppe von der Landes- \u00fcber die Verbands-, Ober- und Regionalliga bis hin zur 2. und 1. Bundesliga.[\/vc_column_text][vc_row_inner][vc_column_inner width=&#8221;1\/2&#8243;][dhsv_vc_button link=&#8221;url:https%3A%2F%2Fwww.tv-muenster.de%2Fwp-content%2Fuploads%2FTanzsport-Text.pdf%20|title:Ausf%C3%BChrliche%20Darstellung||&#8221;][\/vc_column_inner][vc_column_inner width=&#8221;1\/2&#8243;][dhsv_vc_button link=&#8221;url:https%3A%2F%2Fwww.tanzsport.de%2Ffiles%2Ftanzsport%2Fdownloads%2Fsportwelt%2Fjmd%2Fjmd_ratgeber.pdf|title:Dt.%20Tanzsport%20Ratgeber||&#8221;][\/vc_column_inner][\/vc_row_inner][\/vc_column][\/vc_row][vc_row][vc_column][dhsv_vc_teamviewer][\/vc_column][\/vc_row][vc_row][vc_column][vc_column_text]<\/p>\n<h2 class=\"index\">Bildergalerie<\/h2>\n<p>[\/vc_column_text][\/vc_column][\/vc_row][vc_row full_width=&#8221;stretch_row_content&#8221;][vc_column][dhsv_vc_gallerygrid link=&#8221;url:http%3A%2F%2Fwww.tv-muenster.de%2Ftanzen%2Fgalerie%2F|title:zur%20Galerie||&#8221;][\/vc_column][\/vc_row][vc_row][vc_column][vc_column_text][\/vc_column_text][\/vc_column][\/vc_row]<\/p>\n","protected":false},"excerpt":{"rendered":"<p>[vc_row full_width=&#8221;stretch_row_content_no_spaces&#8221; dhsv_margin_bottom=&#8221;vc-margin-bottom-none&#8221; css=&#8221;.vc_custom_1587578983061{margin-top: -50px !important;border-top-width: -50px !important;}&#8221;][vc_column][dhsv_vc_header bgimage=&#8221;1735&#8243; height=&#8221;giant&#8221; <a class=\"moretag\" href=\"https:\/\/www.tv-muenster.de\/tanzen\/\"><br \/> <b>mehr erfahren<\/b><\/a><\/p>\n","protected":false},"author":3,"featured_media":322,"parent":0,"menu_order":1,"comment_status":"closed","ping_status":"closed","template":"","meta":{"footnotes":""},"yoast_head":"<!-- This site is optimized with the Yoast SEO plugin v20.2.1 - https:\/\/yoast.com\/wordpress\/plugins\/seo\/ -->\n<title>Startseite - Tanzen<\/title>\n<meta name=\"robots\" content=\"index, follow, max-snippet:-1, max-image-preview:large, max-video-preview:-1\" \/>\n<link rel=\"canonical\" href=\"https:\/\/www.tv-muenster.de\/tanzen\/\" \/>\n<meta property=\"og:locale\" content=\"de_DE\" \/>\n<meta property=\"og:type\" content=\"article\" \/>\n<meta property=\"og:title\" content=\"Startseite - Tanzen\" \/>\n<meta property=\"og:description\" content=\"[vc_row full_width=&#8221;stretch_row_content_no_spaces&#8221; dhsv_margin_bottom=&#8221;vc-margin-bottom-none&#8221; css=&#8221;.vc_custom_1587578983061{margin-top: -50px !important;border-top-width: -50px !important;}&#8221;][vc_column][dhsv_vc_header bgimage=&#8221;1735&#8243; height=&#8221;giant&#8221; mehr erfahren\" \/>\n<meta property=\"og:url\" content=\"https:\/\/www.tv-muenster.de\/tanzen\/\" \/>\n<meta property=\"og:site_name\" content=\"Tanzen\" \/>\n<meta property=\"article:modified_time\" content=\"2022-12-06T10:07:17+00:00\" \/>\n<meta property=\"og:image\" content=\"https:\/\/www.tv-muenster.de\/tanzen\/wp-content\/uploads\/sites\/6\/2020\/04\/logo.jpg\" \/>\n\t<meta property=\"og:image:width\" content=\"4242\" \/>\n\t<meta property=\"og:image:height\" content=\"3308\" \/>\n\t<meta property=\"og:image:type\" content=\"image\/jpeg\" \/>\n<meta name=\"twitter:card\" content=\"summary_large_image\" \/>\n<meta name=\"twitter:label1\" content=\"Gesch\u00e4tzte Lesezeit\" \/>\n\t<meta name=\"twitter:data1\" content=\"3\u00a0Minuten\" \/>\n<script type=\"application\/ld+json\" class=\"yoast-schema-graph\">{\"@context\":\"https:\/\/schema.org\",\"@graph\":[{\"@type\":\"WebPage\",\"@id\":\"https:\/\/www.tv-muenster.de\/tanzen\/\",\"url\":\"https:\/\/www.tv-muenster.de\/tanzen\/\",\"name\":\"Startseite - Tanzen\",\"isPartOf\":{\"@id\":\"https:\/\/www.tv-muenster.de\/tanzen\/#website\"},\"datePublished\":\"2020-02-19T13:09:13+00:00\",\"dateModified\":\"2022-12-06T10:07:17+00:00\",\"breadcrumb\":{\"@id\":\"https:\/\/www.tv-muenster.de\/tanzen\/#breadcrumb\"},\"inLanguage\":\"de\",\"potentialAction\":[{\"@type\":\"ReadAction\",\"target\":[\"https:\/\/www.tv-muenster.de\/tanzen\/\"]}]},{\"@type\":\"BreadcrumbList\",\"@id\":\"https:\/\/www.tv-muenster.de\/tanzen\/#breadcrumb\",\"itemListElement\":[{\"@type\":\"ListItem\",\"position\":1,\"name\":\"Startseite\",\"item\":\"https:\/\/www.tv-muenster.de\/tanzen\/\"},{\"@type\":\"ListItem\",\"position\":2,\"name\":\"Startseite\"}]},{\"@type\":\"WebSite\",\"@id\":\"https:\/\/www.tv-muenster.de\/tanzen\/#website\",\"url\":\"https:\/\/www.tv-muenster.de\/tanzen\/\",\"name\":\"Tanzen\",\"description\":\"Eine weitere Turnverein 1898 M\u00fcnster e.V. Website\",\"potentialAction\":[{\"@type\":\"SearchAction\",\"target\":{\"@type\":\"EntryPoint\",\"urlTemplate\":\"https:\/\/www.tv-muenster.de\/tanzen\/?s={search_term_string}\"},\"query-input\":\"required name=search_term_string\"}],\"inLanguage\":\"de\"}]}<\/script>\n<!-- \/ Yoast SEO plugin. -->","yoast_head_json":{"title":"Startseite - Tanzen","robots":{"index":"index","follow":"follow","max-snippet":"max-snippet:-1","max-image-preview":"max-image-preview:large","max-video-preview":"max-video-preview:-1"},"canonical":"https:\/\/www.tv-muenster.de\/tanzen\/","og_locale":"de_DE","og_type":"article","og_title":"Startseite - Tanzen","og_description":"[vc_row full_width=&#8221;stretch_row_content_no_spaces&#8221; dhsv_margin_bottom=&#8221;vc-margin-bottom-none&#8221; css=&#8221;.vc_custom_1587578983061{margin-top: -50px !important;border-top-width: -50px !important;}&#8221;][vc_column][dhsv_vc_header bgimage=&#8221;1735&#8243; height=&#8221;giant&#8221; mehr erfahren","og_url":"https:\/\/www.tv-muenster.de\/tanzen\/","og_site_name":"Tanzen","article_modified_time":"2022-12-06T10:07:17+00:00","og_image":[{"width":4242,"height":3308,"url":"https:\/\/www.tv-muenster.de\/tanzen\/wp-content\/uploads\/sites\/6\/2020\/04\/logo.jpg","type":"image\/jpeg"}],"twitter_card":"summary_large_image","twitter_misc":{"Gesch\u00e4tzte Lesezeit":"3\u00a0Minuten"},"schema":{"@context":"https:\/\/schema.org","@graph":[{"@type":"WebPage","@id":"https:\/\/www.tv-muenster.de\/tanzen\/","url":"https:\/\/www.tv-muenster.de\/tanzen\/","name":"Startseite - Tanzen","isPartOf":{"@id":"https:\/\/www.tv-muenster.de\/tanzen\/#website"},"datePublished":"2020-02-19T13:09:13+00:00","dateModified":"2022-12-06T10:07:17+00:00","breadcrumb":{"@id":"https:\/\/www.tv-muenster.de\/tanzen\/#breadcrumb"},"inLanguage":"de","potentialAction":[{"@type":"ReadAction","target":["https:\/\/www.tv-muenster.de\/tanzen\/"]}]},{"@type":"BreadcrumbList","@id":"https:\/\/www.tv-muenster.de\/tanzen\/#breadcrumb","itemListElement":[{"@type":"ListItem","position":1,"name":"Startseite","item":"https:\/\/www.tv-muenster.de\/tanzen\/"},{"@type":"ListItem","position":2,"name":"Startseite"}]},{"@type":"WebSite","@id":"https:\/\/www.tv-muenster.de\/tanzen\/#website","url":"https:\/\/www.tv-muenster.de\/tanzen\/","name":"Tanzen","description":"Eine weitere Turnverein 1898 M\u00fcnster e.V. Website","potentialAction":[{"@type":"SearchAction","target":{"@type":"EntryPoint","urlTemplate":"https:\/\/www.tv-muenster.de\/tanzen\/?s={search_term_string}"},"query-input":"required name=search_term_string"}],"inLanguage":"de"}]}},"_links":{"self":[{"href":"https:\/\/www.tv-muenster.de\/tanzen\/wp-json\/wp\/v2\/pages\/49"}],"collection":[{"href":"https:\/\/www.tv-muenster.de\/tanzen\/wp-json\/wp\/v2\/pages"}],"about":[{"href":"https:\/\/www.tv-muenster.de\/tanzen\/wp-json\/wp\/v2\/types\/page"}],"author":[{"embeddable":true,"href":"https:\/\/www.tv-muenster.de\/tanzen\/wp-json\/wp\/v2\/users\/3"}],"replies":[{"embeddable":true,"href":"https:\/\/www.tv-muenster.de\/tanzen\/wp-json\/wp\/v2\/comments?post=49"}],"version-history":[{"count":90,"href":"https:\/\/www.tv-muenster.de\/tanzen\/wp-json\/wp\/v2\/pages\/49\/revisions"}],"predecessor-version":[{"id":2423,"href":"https:\/\/www.tv-muenster.de\/tanzen\/wp-json\/wp\/v2\/pages\/49\/revisions\/2423"}],"wp:featuredmedia":[{"embeddable":true,"href":"https:\/\/www.tv-muenster.de\/tanzen\/wp-json\/wp\/v2\/media\/322"}],"wp:attachment":[{"href":"https:\/\/www.tv-muenster.de\/tanzen\/wp-json\/wp\/v2\/media?parent=49"}],"curies":[{"name":"wp","href":"https:\/\/api.w.org\/{rel}","templated":true}]}}